{"id":91,"date":"2025-01-07T21:25:50","date_gmt":"2025-01-07T20:25:50","guid":{"rendered":"https:\/\/coachsportif-k.fr\/?page_id=91"},"modified":"2025-02-03T21:58:24","modified_gmt":"2025-02-03T20:58:24","slug":"reservations","status":"publish","type":"page","link":"https:\/\/www.coachsportif-k.fr\/index.php\/reservations\/","title":{"rendered":"RESERVATIONS"},"content":{"rendered":"\n<h5 class=\"wp-block-heading alignfull has-text-align-center\" style=\"font-size:10px\"><strong>R\u00e9servez directement votre s\u00e9ance en ligne et commencez \u00e0 travailler sur vos objectifs d\u00e8s aujourd&#8217;hui ! <\/strong><\/h5>\n\n\n\n<p class=\"has-text-align-center\" style=\"font-size:11px\"><\/p>\n\n\n\n<h5 class=\"wp-block-heading has-text-align-center\" style=\"font-size:11px\"><\/h5>\n\n\n\n<div class=\"wp-block-cover alignfull is-light\" style=\"min-height:183px;aspect-ratio:unset;\"><span aria-hidden=\"true\" class=\"wp-block-cover__background has-background-dim\" style=\"background-color:#ededed\"><\/span><img loading=\"lazy\" decoding=\"async\" width=\"1290\" height=\"870\" class=\"wp-block-cover__image-background wp-image-305\" alt=\"\" src=\"https:\/\/coachsportif-k.fr\/wp-content\/uploads\/2025\/01\/IMG_7588-1.jpg\" data-object-fit=\"cover\" srcset=\"https:\/\/www.coachsportif-k.fr\/wp-content\/uploads\/2025\/01\/IMG_7588-1.jpg 1290w, https:\/\/www.coachsportif-k.fr\/wp-content\/uploads\/2025\/01\/IMG_7588-1-300x202.jpg 300w, https:\/\/www.coachsportif-k.fr\/wp-content\/uploads\/2025\/01\/IMG_7588-1-1024x691.jpg 1024w, https:\/\/www.coachsportif-k.fr\/wp-content\/uploads\/2025\/01\/IMG_7588-1-768x518.jpg 768w, https:\/\/www.coachsportif-k.fr\/wp-content\/uploads\/2025\/01\/IMG_7588-1-1170x789.jpg 1170w\" sizes=\"auto, (max-width: 1290px) 100vw, 1290px\" \/><div class=\"wp-block-cover__inner-container is-layout-constrained wp-block-cover-is-layout-constrained\">\n<p class=\"has-text-align-center has-large-font-size\"><\/p>\n<\/div><\/div>\n\n\n\n<p><\/p>\n\n\n\n<p class=\"has-text-align-center\" style=\"font-size:9px\">Notre syst\u00e8me de r\u00e9servation simple et rapide vous permet de planifier votre entra\u00eenement en quelques clics. Ne perdez plus de temps et offrez-vous un accompagnement sur-mesure adapt\u00e9 \u00e0 vos besoins.<\/p>\n\n\n\n<p class=\"has-text-align-center\"><strong>JE CHOISIS MA SEANCE<\/strong><\/p>\n\n\n\n<div class=\"wp-block-group alignfull ona-container is-layout-constrained wp-container-core-group-is-layout-af3a39b1 wp-block-group-is-layout-constrained\" style=\"padding-top:71px;padding-bottom:71px\">\n<div class=\"wp-block-columns are-vertically-aligned-center is-layout-flex wp-container-core-columns-is-layout-28f84493 wp-block-columns-is-layout-flex\">\n<div class=\"wp-block-column hide-md-down is-layout-flow wp-block-column-is-layout-flow\" style=\"flex-basis:6%\"><\/div>\n\n\n\n<div class=\"wp-block-column is-vertically-aligned-center is-layout-flow wp-block-column-is-layout-flow\" style=\"flex-basis:48%\"><\/div>\n\n\n\n<div class=\"wp-block-column hide-md-down is-layout-flow wp-block-column-is-layout-flow\" style=\"flex-basis:6%\"><\/div>\n<\/div>\n\n\n\n<div class=\"wp-block-bookly-form\"><!--\nPlugin Name: Bookly \u2013 Responsive WordPress Appointment Booking and Scheduling Plugin\nPlugin URI: https:\/\/www.booking-wp-plugin.com\/?utm_source=bookly_admin&utm_medium=plugins_page&utm_campaign=plugins_page\nVersion: 24.6-->\n<style type=\"text\/css\">\n    :root {\n        --bookly-main-color: #c8ad7f !important;\n    }\n\n    <\/style><div class=\"bookly-css-root\">\n    <div id=\"bookly-form-69d52f6cd5903\" class=\"bookly-form\" data-form_id=\"69d52f6cd5903\" aria-live=\"polite\">\n        <div style=\"text-align: center\"><img decoding=\"async\" src=\"https:\/\/www.coachsportif-k.fr\/wp-includes\/js\/tinymce\/skins\/lightgray\/img\/loader.gif\" alt=\"Chargement...\"\/><\/div>\n    <\/div>\n<\/div>\n<script type=\"text\/javascript\">\n    (function (win, fn) {\n        var done = false, top = true,\n            doc = win.document,\n            root = doc.documentElement,\n            modern = doc.addEventListener,\n            add = modern ? 'addEventListener' : 'attachEvent',\n            rem = modern ? 'removeEventListener' : 'detachEvent',\n            pre = modern ? '' : 'on',\n            init = function (e) {\n                if (e.type == 'readystatechange') if (doc.readyState != 'complete') return;\n                (e.type == 'load' ? win : doc)[rem](pre + e.type, init, false);\n                if (!done) {\n                    done = true;\n                    fn.call(win, e.type || e);\n                }\n            },\n            poll = function () {\n                try {\n                    root.doScroll('left');\n                } catch (e) {\n                    setTimeout(poll, 50);\n                    return;\n                }\n                init('poll');\n            };\n        if (doc.readyState == 'complete') fn.call(win, 'lazy');\n        else {\n            if (!modern) if (root.doScroll) {\n                try {\n                    top = !win.frameElement;\n                } catch (e) {\n                }\n                if (top) poll();\n            }\n            doc[add](pre + 'DOMContentLoaded', init, false);\n            doc[add](pre + 'readystatechange', init, false);\n            win[add](pre + 'load', init, false);\n        }\n    })(window, function () {\n        window.bookly( {\"form_id\":\"69d52f6cd5903\",\"status\":{\"booking\":\"new\"},\"skip_steps\":{\"service_part1\":0,\"service_part2\":0,\"extras\":1,\"time\":0,\"repeat\":1,\"cart\":1},\"errors\":{\"session_error\":\"Erreur Session.\",\"form_id_error\":\"ID Formulaire d'erreur.\",\"cart_item_not_available\":\"Le cr\\u00e9neau horaire s\\u00e9lectionn\\u00e9 n'est plus disponible. Merci d'en choisir un autre.\",\"pay_locally_not_available\":\"Le paiement local n'est pas disponible.\",\"invalid_gateway\":\"Portail invalide.\",\"payment_error\":\"Erreur\",\"incorrect_username_password\":\"Identifiant ou mot de passe incorrect.\"},\"form_attributes\":{\"hide_categories\":false,\"hide_services\":false,\"hide_staff_members\":false,\"show_number_of_persons\":false,\"hide_service_duration\":true,\"hide_locations\":true,\"hide_quantity\":true,\"hide_date\":false,\"hide_week_days\":false,\"hide_time_range\":false},\"use_client_time_zone\":0,\"defaults\":{\"service_id\":0,\"staff_id\":0,\"location_id\":0,\"category_id\":0},\"datepicker_mode\":\"text-accent\",\"facebook\":{\"enabled\":1,\"appId\":\"\"}} );\n    });\n<\/script><\/div>\n<\/div>\n\n\n\n<hr class=\"wp-block-separator has-alpha-channel-opacity\" style=\"margin-top:var(--wp--preset--spacing--20);margin-bottom:var(--wp--preset--spacing--20)\"\/>\n\n\n\n<h2 class=\"wp-block-heading alignfull has-text-align-center\">LES PACKS<\/h2>\n\n\n\n<p><\/p>\n\n\n\n<h5 class=\"wp-block-heading alignfull has-text-align-center\" style=\"font-size:11px\">Prenez votre transformation en main d\u00e8s maintenant en r\u00e9servant un <strong>pack personnalis\u00e9<\/strong> et profitez d&#8217;un suivi sur-mesure pour atteindre vos objectifs rapidement et efficacement. Cliquez ici pour r\u00e9server votre pack et commencer votre parcours vers le bien-\u00eatre et la performance !<\/h5>\n\n\n\n<p><\/p>\n\n\n\n<div class=\"wp-block-buttons is-content-justification-center is-layout-flex wp-container-core-buttons-is-layout-a89b3969 wp-block-buttons-is-layout-flex\">\n<div class=\"wp-block-button\"><a class=\"wp-block-button__link has-background wp-element-button\" href=\"https:\/\/coachsportif-k.fr\/index.php\/je-commande-mon-pack\/\" style=\"background-color:#c8ad7f\">Je commande mon Pack<\/a><\/div>\n<\/div>\n\n\n\n<h5 class=\"wp-block-heading has-text-align-center\" style=\"font-size:11px\"><\/h5>\n\n\n\n<p><\/p>\n\n\n\n<p><\/p>\n\n\n\n<p><\/p>\n","protected":false},"excerpt":{"rendered":"<p>R\u00e9servez directement votre s\u00e9ance en ligne et commencez \u00e0 travailler sur vos objectifs d\u00e8s aujourd&#8217;hui ! Notre syst\u00e8me de r\u00e9servation simple et rapide vous permet de planifier votre entra\u00eenement en quelques clics. Ne perdez plus de temps et offrez-vous un accompagnement sur-mesure adapt\u00e9 \u00e0 vos besoins. JE CHOISIS MA SEANCE LES PACKS Prenez votre transformation [&hellip;]<\/p>\n","protected":false},"author":1,"featured_media":0,"parent":0,"menu_order":0,"comment_status":"closed","ping_status":"closed","template":"","meta":{"om_disable_all_campaigns":false,"_monsterinsights_skip_tracking":false,"_monsterinsights_sitenote_active":false,"_monsterinsights_sitenote_note":"","_monsterinsights_sitenote_category":0,"footnotes":""},"class_list":["post-91","page","type-page","status-publish","hentry"],"aioseo_notices":[],"_links":{"self":[{"href":"https:\/\/www.coachsportif-k.fr\/index.php\/wp-json\/wp\/v2\/pages\/91","targetHints":{"allow":["GET"]}}],"collection":[{"href":"https:\/\/www.coachsportif-k.fr\/index.php\/wp-json\/wp\/v2\/pages"}],"about":[{"href":"https:\/\/www.coachsportif-k.fr\/index.php\/wp-json\/wp\/v2\/types\/page"}],"author":[{"embeddable":true,"href":"https:\/\/www.coachsportif-k.fr\/index.php\/wp-json\/wp\/v2\/users\/1"}],"replies":[{"embeddable":true,"href":"https:\/\/www.coachsportif-k.fr\/index.php\/wp-json\/wp\/v2\/comments?post=91"}],"version-history":[{"count":23,"href":"https:\/\/www.coachsportif-k.fr\/index.php\/wp-json\/wp\/v2\/pages\/91\/revisions"}],"predecessor-version":[{"id":619,"href":"https:\/\/www.coachsportif-k.fr\/index.php\/wp-json\/wp\/v2\/pages\/91\/revisions\/619"}],"wp:attachment":[{"href":"https:\/\/www.coachsportif-k.fr\/index.php\/wp-json\/wp\/v2\/media?parent=91"}],"curies":[{"name":"wp","href":"https:\/\/api.w.org\/{rel}","templated":true}]}}