{"id":510,"date":"2025-01-31T00:12:22","date_gmt":"2025-01-30T23:12:22","guid":{"rendered":"https:\/\/coachsportif-k.fr\/?page_id=510"},"modified":"2025-02-07T18:50:39","modified_gmt":"2025-02-07T17:50:39","slug":"feel-good-nutrition","status":"publish","type":"page","link":"https:\/\/www.coachsportif-k.fr\/index.php\/feel-good-nutrition\/","title":{"rendered":""},"content":{"rendered":"\n<div class=\"wp-block-query alignfull is-layout-flow wp-block-query-is-layout-flow\">\n<div class=\"wp-block-group alignfull is-layout-flow wp-block-group-is-layout-flow\" style=\"padding-top:0;padding-right:var(--wp--preset--spacing--40);padding-bottom:var(--wp--preset--spacing--40);padding-left:var(--wp--preset--spacing--40)\"><ul style=\"text-transform:none;\" class=\"alignfull wp-block-post-template is-layout-flow wp-block-post-template-is-layout-flow\"><li class=\"wp-block-post post-1 post type-post status-publish format-standard hentry category-non-classe\">\n\n<div class=\"wp-block-group is-layout-flow wp-container-core-group-is-layout-2f0c1fab wp-block-group-is-layout-flow\" style=\"padding-bottom:var(--wp--preset--spacing--50)\">\n<div class=\"wp-block-group is-content-justification-space-between is-nowrap is-layout-flex wp-container-core-group-is-layout-b4f66ff3 wp-block-group-is-layout-flex\" style=\"border-bottom-color:var(--wp--preset--color--contrast);border-bottom-width:4px;padding-top:var(--wp--preset--spacing--30);padding-right:0;padding-bottom:var(--wp--preset--spacing--30);padding-left:0\">\n<div class=\"wp-block-group is-layout-constrained wp-block-group-is-layout-constrained\"><\/div>\n\n\n<div style=\"font-size:2rem;font-style:normal;font-weight:600;letter-spacing:1px; margin-top:0;margin-right:0;margin-bottom:0;margin-left:0;\" class=\"has-text-align-left has-link-color wp-elements-672016f5c95dcb277e0d666c7795c645 wp-block-post-date has-text-color has-contrast-color\"><time datetime=\"2025-01-07T00:33:18+01:00\">2025<\/time><\/div><\/div>\n\n\n\n<details class=\"wp-block-details is-layout-flow wp-block-details-is-layout-flow\"><summary><strong>Les Cl\u00e9s d\u2019une Alimentation \u00c9quilibr\u00e9e pour Optimiser Votre Bien-\u00catre<\/strong> 31\/01\/2025<br><br>Adopter une alimentation saine et \u00e9quilibr\u00e9e est essentiel pour maintenir un bon niveau d\u2019\u00e9nergie et am\u00e9liorer ses performances physiques et mentales. Voici quelques principes fondamentaux pour une nutrition adapt\u00e9e \u00e0 votre mode de vie.<\/summary><h2 style=\"font-size:1.6rem;font-style:normal;font-weight:600;line-height:1.1; padding-top:var(--wp--preset--spacing--30);\" class=\"has-link-color wp-elements-474943ac647177ee4cfceb58f33eeb47 wp-block-post-title has-text-color has-contrast-color\"><a href=\"https:\/\/www.coachsportif-k.fr\/index.php\/2025\/01\/07\/bonjour-tout-le-monde\/\" target=\"_self\" >Bonjour tout le monde\u00a0!<\/a><\/h2><\/details>\n<\/div>\n\n<\/li><\/ul><\/div>\n\n\n\n<div class=\"wp-block-group is-layout-flow wp-block-group-is-layout-flow\" style=\"margin-top:0;margin-bottom:0;padding-top:var(--wp--preset--spacing--40);padding-right:var(--wp--preset--spacing--40);padding-bottom:var(--wp--preset--spacing--40);padding-left:var(--wp--preset--spacing--40)\"><\/div>\n<\/div>\n\n\n\t\t\t<div class='wp-block-icb-image-compare  alignwide' id='icbImageCompare-e0f2ff7d-d' data-attributes='{&quot;align&quot;:&quot;wide&quot;,&quot;cId&quot;:&quot;e0f2ff7d-d&quot;,&quot;width&quot;:&quot;50%&quot;,&quot;beforeImg&quot;:{&quot;id&quot;:566,&quot;url&quot;:&quot;https:\\\/\\\/coachsportif-k.fr\\\/wp-content\\\/uploads\\\/2025\\\/01\\\/IMG_7607-2.jpg&quot;,&quot;alt&quot;:&quot;&quot;,&quot;title&quot;:&quot;IMG_7607&quot;},&quot;afterImg&quot;:{&quot;id&quot;:567,&quot;url&quot;:&quot;https:\\\/\\\/coachsportif-k.fr\\\/wp-content\\\/uploads\\\/2025\\\/01\\\/IMG_7608-2.jpg&quot;,&quot;alt&quot;:&quot;&quot;,&quot;title&quot;:&quot;IMG_7608&quot;},&quot;alignment&quot;:&quot;center&quot;,&quot;border&quot;:[],&quot;isSwap&quot;:false,&quot;isLabel&quot;:true,&quot;beforeLabel&quot;:&quot;&quot;,&quot;afterLabel&quot;:&quot;&quot;,&quot;labelTypo&quot;:{&quot;fontSize&quot;:{&quot;desktop&quot;:15,&quot;tablet&quot;:15,&quot;mobile&quot;:15}},&quot;labelColors&quot;:{&quot;color&quot;:&quot;#fff&quot;,&quot;bg&quot;:&quot;#00000080&quot;},&quot;labelPadding&quot;:{&quot;vertical&quot;:&quot;10px&quot;,&quot;horizontal&quot;:&quot;15px&quot;},&quot;isCap&quot;:true,&quot;cap&quot;:&quot;&quot;,&quot;capAlign&quot;:&quot;center&quot;,&quot;capTypo&quot;:{&quot;fontSize&quot;:{&quot;desktop&quot;:14,&quot;tablet&quot;:14,&quot;mobile&quot;:14}},&quot;capColors&quot;:{&quot;color&quot;:&quot;#333&quot;,&quot;bg&quot;:&quot;#f4f4f4&quot;},&quot;capPadding&quot;:{&quot;vertical&quot;:&quot;10px&quot;,&quot;horizontal&quot;:&quot;15px&quot;}}'><\/div>\r\n\t\r\n\t\t\t\n\n\n<h3 class=\"wp-block-heading\">1. Prioriser les Aliments Bruts et Non Transform\u00e9s<\/h3>\n\n\n\n<p style=\"font-size:10px\">Privil\u00e9giez des aliments frais et naturels tels que les fruits, l\u00e9gumes, prot\u00e9ines maigres, c\u00e9r\u00e9ales compl\u00e8tes et bonnes graisses. Ils apportent des nutriments essentiels tout en limitant les additifs et sucres cach\u00e9s.<\/p>\n\n\n\n<h3 class=\"wp-block-heading\">2. L\u2019Importance des Prot\u00e9ines<\/h3>\n\n\n\n<p style=\"font-size:10px\">Que vous soyez sportif ou non, les prot\u00e9ines jouent un r\u00f4le cl\u00e9 dans la r\u00e9g\u00e9n\u00e9ration musculaire et la sati\u00e9t\u00e9. Int\u00e9grez des sources vari\u00e9es : viandes blanches, poissons, \u0153ufs, l\u00e9gumineuses, tofu ou encore ol\u00e9agineux.<\/p>\n\n\n\n<h3 class=\"wp-block-heading\">3. Hydratation : Le Facteur Cl\u00e9<\/h3>\n\n\n\n<p style=\"font-size:10px\">L\u2019eau est indispensable pour le bon fonctionnement de l\u2019organisme. Une hydratation suffisante permet d\u2019am\u00e9liorer la digestion, d\u2019optimiser les performances physiques et d\u2019\u00e9viter la fatigue.<\/p>\n\n\n\n<h3 class=\"wp-block-heading\">4. Adapter son Alimentation \u00e0 son Mode de Vie<\/h3>\n\n\n\n<p style=\"font-size:10px\">Chaque individu a des besoins sp\u00e9cifiques. Que votre objectif soit la prise de muscle, la perte de poids ou simplement le bien-\u00eatre, une alimentation personnalis\u00e9e et \u00e9quilibr\u00e9e est la cl\u00e9.<\/p>\n\n\n\n<p style=\"font-size:10px\"><strong>Conclusion :<\/strong> Manger sainement ne signifie pas se priver, mais plut\u00f4t choisir des aliments de qualit\u00e9 qui vous apporteront \u00e9nergie et vitalit\u00e9 au quotidien.<\/p>\n\n\n\n<div class=\"wp-block-query alignfull is-layout-flow wp-block-query-is-layout-flow\">\n<div class=\"wp-block-group alignfull is-layout-flow wp-block-group-is-layout-flow\" style=\"padding-top:0;padding-right:0;padding-bottom:0;padding-left:0\"><ul style=\"text-transform:none;\" class=\"wp-block-post-template is-layout-flow wp-block-post-template-is-layout-flow\"><li class=\"wp-block-post post-1 post type-post status-publish format-standard hentry category-non-classe\">\n\n<div class=\"wp-block-group is-layout-flow wp-block-group-is-layout-flow\" style=\"border-bottom-color:var(--wp--preset--color--contrast);border-bottom-width:1px\">\n<div class=\"wp-block-group is-content-justification-space-between is-nowrap is-layout-flex wp-container-core-group-is-layout-dd9de04e wp-block-group-is-layout-flex\" style=\"padding-top:16px;padding-right:16px;padding-bottom:16px;padding-left:16px\">\n<div class=\"wp-block-group is-nowrap is-layout-flex wp-container-core-group-is-layout-89a94f6a wp-block-group-is-layout-flex\">\n<p>1 FEVRIER 2025<\/p>\n<\/div>\n<\/div>\n<\/div>\n\n<\/li><\/ul><\/div>\n<\/div>\n\n\n\n<h2 class=\"wp-block-heading\">Cap sur une transformation prise de Masse <\/h2>\n\n\n\t\t\t<div class='wp-block-icb-image-compare  align' id='icbImageCompare-ad5e5d64-6' data-attributes='{&quot;cId&quot;:&quot;ad5e5d64-6&quot;,&quot;beforeImg&quot;:{&quot;id&quot;:587,&quot;url&quot;:&quot;https:\\\/\\\/coachsportif-k.fr\\\/wp-content\\\/uploads\\\/2025\\\/01\\\/IMG_7609-3.jpg&quot;,&quot;alt&quot;:&quot;&quot;,&quot;title&quot;:&quot;IMG_7609&quot;},&quot;afterImg&quot;:{&quot;id&quot;:588,&quot;url&quot;:&quot;https:\\\/\\\/coachsportif-k.fr\\\/wp-content\\\/uploads\\\/2025\\\/01\\\/IMG_7610-3.jpg&quot;,&quot;alt&quot;:&quot;&quot;,&quot;title&quot;:&quot;IMG_7610&quot;},&quot;align&quot;:&quot;&quot;,&quot;alignment&quot;:&quot;center&quot;,&quot;width&quot;:&quot;80%&quot;,&quot;border&quot;:[],&quot;isSwap&quot;:false,&quot;isLabel&quot;:true,&quot;beforeLabel&quot;:&quot;&quot;,&quot;afterLabel&quot;:&quot;&quot;,&quot;labelTypo&quot;:{&quot;fontSize&quot;:{&quot;desktop&quot;:15,&quot;tablet&quot;:15,&quot;mobile&quot;:15}},&quot;labelColors&quot;:{&quot;color&quot;:&quot;#fff&quot;,&quot;bg&quot;:&quot;#00000080&quot;},&quot;labelPadding&quot;:{&quot;vertical&quot;:&quot;10px&quot;,&quot;horizontal&quot;:&quot;15px&quot;},&quot;isCap&quot;:true,&quot;cap&quot;:&quot;&quot;,&quot;capAlign&quot;:&quot;center&quot;,&quot;capTypo&quot;:{&quot;fontSize&quot;:{&quot;desktop&quot;:14,&quot;tablet&quot;:14,&quot;mobile&quot;:14}},&quot;capColors&quot;:{&quot;color&quot;:&quot;#333&quot;,&quot;bg&quot;:&quot;#f4f4f4&quot;},&quot;capPadding&quot;:{&quot;vertical&quot;:&quot;10px&quot;,&quot;horizontal&quot;:&quot;15px&quot;}}'><\/div>\r\n\t\r\n\t\t\t\n\n\n<div class=\"wp-block-media-text is-stacked-on-mobile\" style=\"grid-template-columns:47% auto\"><figure class=\"wp-block-media-text__media\"><img loading=\"lazy\" decoding=\"async\" width=\"1290\" height=\"1850\" src=\"https:\/\/coachsportif-k.fr\/wp-content\/uploads\/2025\/01\/IMG_7571.jpeg\" alt=\"\" class=\"wp-image-572 size-full\" srcset=\"https:\/\/www.coachsportif-k.fr\/wp-content\/uploads\/2025\/01\/IMG_7571.jpeg 1290w, https:\/\/www.coachsportif-k.fr\/wp-content\/uploads\/2025\/01\/IMG_7571-209x300.jpeg 209w, https:\/\/www.coachsportif-k.fr\/wp-content\/uploads\/2025\/01\/IMG_7571-714x1024.jpeg 714w, https:\/\/www.coachsportif-k.fr\/wp-content\/uploads\/2025\/01\/IMG_7571-768x1101.jpeg 768w, https:\/\/www.coachsportif-k.fr\/wp-content\/uploads\/2025\/01\/IMG_7571-1071x1536.jpeg 1071w, https:\/\/www.coachsportif-k.fr\/wp-content\/uploads\/2025\/01\/IMG_7571-1170x1678.jpeg 1170w\" sizes=\"auto, (max-width: 1290px) 100vw, 1290px\" \/><\/figure><div class=\"wp-block-media-text__content\">\n<p class=\"has-text-align-center\"><strong>SON PROGRAMME<\/strong><\/p>\n\n\n\n<p class=\"has-text-align-center\">Pack intensif prise de masse, programme alimentation <\/p>\n\n\n\n<p>Semaine 1 \u00e0 4 \u2013 Phase de Construction<\/p>\n\n\n\n<p>Semaine 5 \u00e0 8 \u2013 Phase d\u2019Intensification<\/p>\n<\/div><\/div>\n\n\n\n<div class=\"wp-block-query alignfull is-layout-flow wp-block-query-is-layout-flow\">\n<div class=\"wp-block-group alignfull is-layout-flow wp-block-group-is-layout-flow\" style=\"padding-top:0;padding-right:var(--wp--preset--spacing--40);padding-bottom:var(--wp--preset--spacing--40);padding-left:var(--wp--preset--spacing--40)\"><ul style=\"text-transform:none;\" class=\"alignfull wp-block-post-template is-layout-flow wp-block-post-template-is-layout-flow\"><li class=\"wp-block-post post-1 post type-post status-publish format-standard hentry category-non-classe\">\n\n<div class=\"wp-block-group is-layout-flow wp-container-core-group-is-layout-2f0c1fab wp-block-group-is-layout-flow\" style=\"padding-bottom:var(--wp--preset--spacing--50)\">\n<div class=\"wp-block-group is-content-justification-space-between is-nowrap is-layout-flex wp-container-core-group-is-layout-b4f66ff3 wp-block-group-is-layout-flex\" style=\"border-bottom-color:var(--wp--preset--color--contrast);border-bottom-width:4px;padding-top:var(--wp--preset--spacing--30);padding-right:0;padding-bottom:var(--wp--preset--spacing--30);padding-left:0\"><div style=\"font-size:2rem;font-style:normal;font-weight:600;letter-spacing:1px; margin-top:0;margin-right:0;margin-bottom:0;margin-left:0;\" class=\"has-text-align-left has-link-color wp-elements-5813a8450eb0347cfdf34f1870882db6 wp-block-post-date has-text-color has-contrast-color\"><time datetime=\"2025-01-07T00:33:18+01:00\">01.7<\/time><\/div>\n\n<div style=\"font-size:2rem;font-style:normal;font-weight:600;letter-spacing:1px; margin-top:0;margin-right:0;margin-bottom:0;margin-left:0;\" class=\"has-text-align-left has-link-color wp-elements-672016f5c95dcb277e0d666c7795c645 wp-block-post-date has-text-color has-contrast-color\"><time datetime=\"2025-01-07T00:33:18+01:00\">2025<\/time><\/div><\/div>\n\n\n<h2 style=\"font-size:1.1rem;font-style:normal;font-weight:600;line-height:1.1; padding-top:var(--wp--preset--spacing--30);\" class=\"has-link-color wp-elements-2c84cca883c65f577446021510b7498e wp-block-post-title has-text-color has-contrast-color\"><a href=\"https:\/\/www.coachsportif-k.fr\/index.php\/2025\/01\/07\/bonjour-tout-le-monde\/\" target=\"_self\" >Bonjour tout le monde\u00a0!<\/a><\/h2><\/div>\n\n<\/li><\/ul>\n\n\n<p>On arrive prochainement pour un nouvel article &#8230; <\/p>\n<\/div>\n\n\n\n<div class=\"wp-block-group is-layout-flow wp-block-group-is-layout-flow\" style=\"margin-top:0;margin-bottom:0;padding-top:var(--wp--preset--spacing--40);padding-right:var(--wp--preset--spacing--40);padding-bottom:var(--wp--preset--spacing--40);padding-left:var(--wp--preset--spacing--40)\"><\/div>\n<\/div>\n","protected":false},"excerpt":{"rendered":"<p>1. Prioriser les Aliments Bruts et Non Transform\u00e9s Privil\u00e9giez des aliments frais et naturels tels que les fruits, l\u00e9gumes, prot\u00e9ines maigres, c\u00e9r\u00e9ales compl\u00e8tes et bonnes graisses. Ils apportent des nutriments essentiels tout en limitant les additifs et sucres cach\u00e9s. 2. L\u2019Importance des Prot\u00e9ines Que vous soyez sportif ou non, les prot\u00e9ines jouent un r\u00f4le cl\u00e9 [&hellip;]<\/p>\n","protected":false},"author":1,"featured_media":0,"parent":0,"menu_order":0,"comment_status":"closed","ping_status":"closed","template":"","meta":{"om_disable_all_campaigns":false,"_monsterinsights_skip_tracking":false,"_monsterinsights_sitenote_active":false,"_monsterinsights_sitenote_note":"","_monsterinsights_sitenote_category":0,"footnotes":""},"class_list":["post-510","page","type-page","status-publish","hentry"],"aioseo_notices":[],"_links":{"self":[{"href":"https:\/\/www.coachsportif-k.fr\/index.php\/wp-json\/wp\/v2\/pages\/510","targetHints":{"allow":["GET"]}}],"collection":[{"href":"https:\/\/www.coachsportif-k.fr\/index.php\/wp-json\/wp\/v2\/pages"}],"about":[{"href":"https:\/\/www.coachsportif-k.fr\/index.php\/wp-json\/wp\/v2\/types\/page"}],"author":[{"embeddable":true,"href":"https:\/\/www.coachsportif-k.fr\/index.php\/wp-json\/wp\/v2\/users\/1"}],"replies":[{"embeddable":true,"href":"https:\/\/www.coachsportif-k.fr\/index.php\/wp-json\/wp\/v2\/comments?post=510"}],"version-history":[{"count":30,"href":"https:\/\/www.coachsportif-k.fr\/index.php\/wp-json\/wp\/v2\/pages\/510\/revisions"}],"predecessor-version":[{"id":681,"href":"https:\/\/www.coachsportif-k.fr\/index.php\/wp-json\/wp\/v2\/pages\/510\/revisions\/681"}],"wp:attachment":[{"href":"https:\/\/www.coachsportif-k.fr\/index.php\/wp-json\/wp\/v2\/media?parent=510"}],"curies":[{"name":"wp","href":"https:\/\/api.w.org\/{rel}","templated":true}]}}