{"id":314,"date":"2025-01-20T22:58:55","date_gmt":"2025-01-20T21:58:55","guid":{"rendered":"https:\/\/coachsportif-k.fr\/?page_id=314"},"modified":"2025-02-23T16:11:05","modified_gmt":"2025-02-23T15:11:05","slug":"nos-offres","status":"publish","type":"page","link":"https:\/\/www.coachsportif-k.fr\/index.php\/nos-offres\/","title":{"rendered":"NOS OFFRES"},"content":{"rendered":"\n<p><\/p>\n\n\n\n<div class=\"wp-block-cover\"><span aria-hidden=\"true\" class=\"wp-block-cover__background has-background-dim\"><\/span><img loading=\"lazy\" decoding=\"async\" width=\"834\" height=\"1024\" class=\"wp-block-cover__image-background wp-image-350\" alt=\"\" src=\"https:\/\/coachsportif-k.fr\/wp-content\/uploads\/2025\/01\/IMG_7585-2-834x1024.jpeg\" data-object-fit=\"cover\" srcset=\"https:\/\/www.coachsportif-k.fr\/wp-content\/uploads\/2025\/01\/IMG_7585-2-834x1024.jpeg 834w, https:\/\/www.coachsportif-k.fr\/wp-content\/uploads\/2025\/01\/IMG_7585-2-244x300.jpeg 244w, https:\/\/www.coachsportif-k.fr\/wp-content\/uploads\/2025\/01\/IMG_7585-2-768x943.jpeg 768w, https:\/\/www.coachsportif-k.fr\/wp-content\/uploads\/2025\/01\/IMG_7585-2-1251x1536.jpeg 1251w, https:\/\/www.coachsportif-k.fr\/wp-content\/uploads\/2025\/01\/IMG_7585-2-1170x1437.jpeg 1170w, https:\/\/www.coachsportif-k.fr\/wp-content\/uploads\/2025\/01\/IMG_7585-2.jpeg 1290w\" sizes=\"auto, (max-width: 834px) 100vw, 834px\" \/><div class=\"wp-block-cover__inner-container is-layout-flow wp-block-cover-is-layout-flow\">\n<p class=\"has-text-align-center has-large-font-size\">PERTE DE POIDS<\/p>\n\n\n\n<p class=\"has-text-align-center\">PERTE DE POIDS ENTRE 10 ET 15 KG RESULTAT EN 2 MOIS<\/p>\n\n\n\n<p class=\"has-text-align-center\" style=\"font-size:10px\"><em>Atteignez vos objectifs avec un programme personnalis\u00e9 alliant entra\u00eenements efficaces et conseils nutritionnels adapt\u00e9s. Profitez d\u2019un accompagnement sur-mesure pour des r\u00e9sultats visibles et durables. R\u00e9servez votre s\u00e9ance d\u00e8s maintenant et transformez votre silhouette en toute s\u00e9r\u00e9nit\u00e9 !<\/em><\/p>\n\n\n\n<hr class=\"wp-block-separator has-alpha-channel-opacity\"\/>\n\n\n\n<p class=\"has-text-align-center\"><strong>Programme personnalis\u00e9 <\/strong>: Des s\u00e9ances adapt\u00e9es \u00e0 votre rythme et \u00e0 vos besoins pour une perte de poids efficace et durable.<\/p>\n\n\n\n<p class=\"has-text-align-center\"><strong>Accompagnement global <\/strong>: Alliez sport et nutrition avec un suivi sur-mesure pour maximiser vos r\u00e9sultats.<\/p>\n\n\n\n<p class=\"has-text-align-center\"><strong>M\u00e9thode efficace<\/strong> : Br\u00fblez les graisses, tonifiez votre corps et retrouvez votre bien-\u00eatre sans restrictions extr\u00eames.<\/p>\n\n\n\n<div class=\"wp-block-buttons is-content-justification-center is-layout-flex wp-container-core-buttons-is-layout-a89b3969 wp-block-buttons-is-layout-flex\">\n<div class=\"wp-block-button\"><a class=\"wp-block-button__link has-foreground-color has-background-background-color has-text-color has-background has-link-color wp-element-button\" href=\"https:\/\/coachsportif-k.fr\/index.php\/reservations\/\">A la s\u00e9ance-69 Euros<\/a><\/div>\n\n\n\n<div class=\"wp-block-button\"><a class=\"wp-block-button__link has-foreground-color has-background-background-color has-text-color has-background has-link-color wp-element-button\" href=\"https:\/\/coachsportif-k.fr\/index.php\/je-commande-mon-pack\/\">Pack \u00e0 partir de 550 Euros<\/a><\/div>\n<\/div>\n<\/div><\/div>\n\n\n\n<div class=\"wp-block-cover\"><span aria-hidden=\"true\" class=\"wp-block-cover__background has-background-dim\"><\/span><img loading=\"lazy\" decoding=\"async\" width=\"834\" height=\"1024\" class=\"wp-block-cover__image-background wp-image-350\" alt=\"\" src=\"https:\/\/coachsportif-k.fr\/wp-content\/uploads\/2025\/01\/IMG_7585-2-834x1024.jpeg\" data-object-fit=\"cover\" srcset=\"https:\/\/www.coachsportif-k.fr\/wp-content\/uploads\/2025\/01\/IMG_7585-2-834x1024.jpeg 834w, https:\/\/www.coachsportif-k.fr\/wp-content\/uploads\/2025\/01\/IMG_7585-2-244x300.jpeg 244w, https:\/\/www.coachsportif-k.fr\/wp-content\/uploads\/2025\/01\/IMG_7585-2-768x943.jpeg 768w, https:\/\/www.coachsportif-k.fr\/wp-content\/uploads\/2025\/01\/IMG_7585-2-1251x1536.jpeg 1251w, https:\/\/www.coachsportif-k.fr\/wp-content\/uploads\/2025\/01\/IMG_7585-2-1170x1437.jpeg 1170w, https:\/\/www.coachsportif-k.fr\/wp-content\/uploads\/2025\/01\/IMG_7585-2.jpeg 1290w\" sizes=\"auto, (max-width: 834px) 100vw, 834px\" \/><div class=\"wp-block-cover__inner-container is-layout-flow wp-block-cover-is-layout-flow\">\n<p class=\"has-text-align-center has-large-font-size\">PRISE DE MASSE <\/p>\n\n\n\n<p class=\"has-text-align-center\">PRISE DE MASSE ENTRE 5 ET 10 KG EN 2 MOIS  <\/p>\n\n\n\n<p class=\"has-text-align-center\" style=\"font-size:10px\"><em>D\u00e9veloppez votre masse musculaire avec un programme sur-mesure combinant entra\u00eenements cibl\u00e9s et alimentation adapt\u00e9e. B\u00e9n\u00e9ficiez d\u2019un suivi personnalis\u00e9 pour optimiser vos performances et obtenir des r\u00e9sultats concrets. R\u00e9servez votre accompagnement d\u00e8s aujourd\u2019hui pour une transformation efficace !<\/em><\/p>\n\n\n\n<hr class=\"wp-block-separator has-alpha-channel-opacity\"\/>\n\n\n\n<p class=\"has-text-align-center\"><strong>Programme structur\u00e9<\/strong> : Entra\u00eenements progressifs et adapt\u00e9s \u00e0 votre niveau pour une prise de masse harmonieuse.<\/p>\n\n\n\n<p class=\"has-text-align-center\"><strong>Nutrition optimis\u00e9e<\/strong> : Conseils alimentaires sp\u00e9cifiques pour maximiser votre croissance musculaire.<\/p>\n\n\n\n<p class=\"has-text-align-center\"><strong>Suivi personnalis\u00e9<\/strong> : Un accompagnement pr\u00e9cis pour ajuster votre progression et garantir des r\u00e9sultats durables.<\/p>\n\n\n\n<div class=\"wp-block-buttons is-content-justification-center is-layout-flex wp-container-core-buttons-is-layout-a89b3969 wp-block-buttons-is-layout-flex\">\n<div class=\"wp-block-button\"><a class=\"wp-block-button__link has-foreground-color has-background-background-color has-text-color has-background has-link-color wp-element-button\" href=\"https:\/\/coachsportif-k.fr\/index.php\/reservations\/\">A la s\u00e9ance-69 Euros<\/a><\/div>\n\n\n\n<div class=\"wp-block-button\"><a class=\"wp-block-button__link has-foreground-color has-background-background-color has-text-color has-background has-link-color wp-element-button\" href=\"https:\/\/coachsportif-k.fr\/index.php\/je-commande-mon-pack\/\">Pack \u00e0 1450 Euros<\/a><\/div>\n<\/div>\n<\/div><\/div>\n\n\n\n<div class=\"wp-block-cover\"><span aria-hidden=\"true\" class=\"wp-block-cover__background has-background-dim\"><\/span><img loading=\"lazy\" decoding=\"async\" width=\"834\" height=\"1024\" class=\"wp-block-cover__image-background wp-image-350\" alt=\"\" src=\"https:\/\/coachsportif-k.fr\/wp-content\/uploads\/2025\/01\/IMG_7585-2-834x1024.jpeg\" data-object-fit=\"cover\" srcset=\"https:\/\/www.coachsportif-k.fr\/wp-content\/uploads\/2025\/01\/IMG_7585-2-834x1024.jpeg 834w, https:\/\/www.coachsportif-k.fr\/wp-content\/uploads\/2025\/01\/IMG_7585-2-244x300.jpeg 244w, https:\/\/www.coachsportif-k.fr\/wp-content\/uploads\/2025\/01\/IMG_7585-2-768x943.jpeg 768w, https:\/\/www.coachsportif-k.fr\/wp-content\/uploads\/2025\/01\/IMG_7585-2-1251x1536.jpeg 1251w, https:\/\/www.coachsportif-k.fr\/wp-content\/uploads\/2025\/01\/IMG_7585-2-1170x1437.jpeg 1170w, https:\/\/www.coachsportif-k.fr\/wp-content\/uploads\/2025\/01\/IMG_7585-2.jpeg 1290w\" sizes=\"auto, (max-width: 834px) 100vw, 834px\" \/><div class=\"wp-block-cover__inner-container is-layout-flow wp-block-cover-is-layout-flow\">\n<p class=\"has-text-align-center has-large-font-size\">PERFORMANCE<\/p>\n\n\n\n<p class=\"has-text-align-center\">RESULTAT SELON OBJECTIFS <\/p>\n\n\n\n<p class=\"has-text-align-center\" style=\"font-size:11px\"><em>Pr\u00e9parez-vous efficacement \u00e0 votre comp\u00e9tition ou objectif avec un programme sur-mesure alliant renforcement, endurance et strat\u00e9gie d\u2019entra\u00eenement. Profitez d\u2019un suivi personnalis\u00e9 pour optimiser vos performances et atteindre vos objectifs. R\u00e9servez votre coaching d\u00e8s maintenant pour \u00eatre au top le jour J <\/em>!<\/p>\n\n\n\n<hr class=\"wp-block-separator has-alpha-channel-opacity\"\/>\n\n\n\n<p class=\"has-text-align-center\"><strong>Plan d\u2019entra\u00eenement cibl\u00e9<\/strong> : S\u00e9ances adapt\u00e9es \u00e0 votre discipline pour am\u00e9liorer force, vitesse et endurance.<\/p>\n\n\n\n<p class=\"has-text-align-center\"><strong>Optimisation physique et mentale<\/strong> : Travail sur la technique, la r\u00e9cup\u00e9ration et la gestion de l\u2019effort pour maximiser vos performances.<\/p>\n\n\n\n<p class=\"has-text-align-center\"><strong>Suivi expert<\/strong> : Ajustements personnalis\u00e9s et conseils strat\u00e9giques pour arriver en pleine forme le jour de la comp\u00e9tition.<\/p>\n\n\n\n<div class=\"wp-block-buttons is-content-justification-center is-layout-flex wp-container-core-buttons-is-layout-a89b3969 wp-block-buttons-is-layout-flex\">\n<div class=\"wp-block-button\"><a class=\"wp-block-button__link has-foreground-color has-background-background-color has-text-color has-background has-link-color wp-element-button\" href=\"https:\/\/coachsportif-k.fr\/index.php\/reservations\/\">A la s\u00e9ance-69 Euros<\/a><\/div>\n\n\n\n<div class=\"wp-block-button\"><a class=\"wp-block-button__link has-foreground-color has-background-background-color has-text-color has-background has-link-color wp-element-button\" href=\"tel:33769636615\">Je contacte le coach<\/a><\/div>\n<\/div>\n<\/div><\/div>\n\n\n\n<div class=\"wp-block-cover\"><span aria-hidden=\"true\" class=\"wp-block-cover__background has-background-dim\"><\/span><img loading=\"lazy\" decoding=\"async\" width=\"834\" height=\"1024\" class=\"wp-block-cover__image-background wp-image-350\" alt=\"\" src=\"https:\/\/coachsportif-k.fr\/wp-content\/uploads\/2025\/01\/IMG_7585-2-834x1024.jpeg\" data-object-fit=\"cover\" srcset=\"https:\/\/www.coachsportif-k.fr\/wp-content\/uploads\/2025\/01\/IMG_7585-2-834x1024.jpeg 834w, https:\/\/www.coachsportif-k.fr\/wp-content\/uploads\/2025\/01\/IMG_7585-2-244x300.jpeg 244w, https:\/\/www.coachsportif-k.fr\/wp-content\/uploads\/2025\/01\/IMG_7585-2-768x943.jpeg 768w, https:\/\/www.coachsportif-k.fr\/wp-content\/uploads\/2025\/01\/IMG_7585-2-1251x1536.jpeg 1251w, https:\/\/www.coachsportif-k.fr\/wp-content\/uploads\/2025\/01\/IMG_7585-2-1170x1437.jpeg 1170w, https:\/\/www.coachsportif-k.fr\/wp-content\/uploads\/2025\/01\/IMG_7585-2.jpeg 1290w\" sizes=\"auto, (max-width: 834px) 100vw, 834px\" \/><div class=\"wp-block-cover__inner-container is-layout-flow wp-block-cover-is-layout-flow\">\n<p class=\"has-text-align-center has-large-font-size\">POST PARTUM<\/p>\n\n\n\n<p class=\"has-text-align-center\">SCULPTE DU CORPS ET PERTE DE POIDS ENTRE 10 A 15 KG RESULTAT EN 2 MOIS<\/p>\n\n\n\n<p class=\"has-text-align-center\" style=\"font-size:10px\">Retrouvez vitalit\u00e9 et bien-\u00eatre apr\u00e8s votre grossesse avec un programme doux et progressif, adapt\u00e9 \u00e0 votre rythme. Travaillez votre tonus musculaire, votre posture et votre \u00e9nergie en toute s\u00e9curit\u00e9. R\u00e9servez d\u00e8s maintenant votre accompagnement personnalis\u00e9 ! <\/p>\n\n\n\n<hr class=\"wp-block-separator has-alpha-channel-opacity\"\/>\n\n\n\n<p class=\"has-text-align-center\"><strong>Programme adapt\u00e9<\/strong> : S\u00e9ances s\u00e9curis\u00e9es et \u00e9volutives respectant votre r\u00e9cup\u00e9ration post-accouchement.<\/p>\n\n\n\n<p class=\"has-text-align-center\"><strong>Renforcement en douceur<\/strong> : Travail sur le p\u00e9rin\u00e9e, les abdominaux profonds et la posture pour une remise en forme efficace.<\/p>\n\n\n\n<p class=\"has-text-align-center\"><strong>Bien-\u00eatre global<\/strong> : Accompagnement physique et mental pour retrouver confiance et \u00e9nergie au quotidien.<\/p>\n\n\n\n<div class=\"wp-block-buttons is-content-justification-center is-layout-flex wp-container-core-buttons-is-layout-a89b3969 wp-block-buttons-is-layout-flex\">\n<div class=\"wp-block-button\"><a class=\"wp-block-button__link has-foreground-color has-background-background-color has-text-color has-background has-link-color wp-element-button\" href=\"https:\/\/coachsportif-k.fr\/index.php\/reservations\/\">A la s\u00e9ance-69 Euros<\/a><\/div>\n\n\n\n<div class=\"wp-block-button\"><a class=\"wp-block-button__link has-foreground-color has-background-background-color has-text-color has-background has-link-color wp-element-button\" href=\"https:\/\/coachsportif-k.fr\/index.php\/je-commande-mon-pack\/\">Pack \u00e0 1200 Euros<\/a><\/div>\n<\/div>\n<\/div><\/div>\n\n\n\n<p><\/p>\n\n\n\n<p><\/p>\n\n\n\n<hr class=\"wp-block-separator has-text-color has-foreground-color has-alpha-channel-opacity has-foreground-background-color has-background is-style-wide\" style=\"margin-top:0;margin-bottom:0\"\/>\n\n\n\n<p><\/p>\n\n\n\n<h2 class=\"wp-block-heading alignfull has-text-align-center\">Pr\u00eat \u00e0 commencer l&#8217; aventure ensemble ?<\/h2>\n\n\n\n<p><\/p>\n\n\n\n<div class=\"wp-block-buttons is-content-justification-center is-layout-flex wp-container-core-buttons-is-layout-a89b3969 wp-block-buttons-is-layout-flex\">\n<div class=\"wp-block-button\"><a class=\"wp-block-button__link wp-element-button\" href=\"https:\/\/coachsportif-k.fr\/index.php\/reservations\/\">RESERVER UNE SEANCE<\/a><\/div>\n\n\n\n<div class=\"wp-block-button\"><a class=\"wp-block-button__link has-text-align-center wp-element-button\" href=\"https:\/\/coachsportif-k.fr\/index.php\/je-commande-mon-pack\/\">RESERVER UN PACK <\/a><\/div>\n<\/div>\n\n\n\n<p><\/p>\n\n\n\n<p><\/p>\n\n\n\n<p><\/p>\n\n\n\n<figure class=\"wp-block-video alignfull\"><video height=\"1362\" style=\"aspect-ratio: 816 \/ 1362;\" width=\"816\" controls muted poster=\"http:\/\/coachsportif-k.fr\/wp-content\/uploads\/2025\/01\/IMG_8245.jpg\" src=\"https:\/\/coachsportif-k.fr\/wp-content\/uploads\/2025\/01\/RPReplay_Final1736295308.mov\"><\/video><\/figure>\n","protected":false},"excerpt":{"rendered":"<p>Pr\u00eat \u00e0 commencer l&#8217; aventure ensemble ?<\/p>\n","protected":false},"author":1,"featured_media":0,"parent":0,"menu_order":0,"comment_status":"closed","ping_status":"closed","template":"","meta":{"om_disable_all_campaigns":false,"_monsterinsights_skip_tracking":false,"_monsterinsights_sitenote_active":false,"_monsterinsights_sitenote_note":"","_monsterinsights_sitenote_category":0,"footnotes":""},"class_list":["post-314","page","type-page","status-publish","hentry"],"aioseo_notices":[],"_links":{"self":[{"href":"https:\/\/www.coachsportif-k.fr\/index.php\/wp-json\/wp\/v2\/pages\/314","targetHints":{"allow":["GET"]}}],"collection":[{"href":"https:\/\/www.coachsportif-k.fr\/index.php\/wp-json\/wp\/v2\/pages"}],"about":[{"href":"https:\/\/www.coachsportif-k.fr\/index.php\/wp-json\/wp\/v2\/types\/page"}],"author":[{"embeddable":true,"href":"https:\/\/www.coachsportif-k.fr\/index.php\/wp-json\/wp\/v2\/users\/1"}],"replies":[{"embeddable":true,"href":"https:\/\/www.coachsportif-k.fr\/index.php\/wp-json\/wp\/v2\/comments?post=314"}],"version-history":[{"count":37,"href":"https:\/\/www.coachsportif-k.fr\/index.php\/wp-json\/wp\/v2\/pages\/314\/revisions"}],"predecessor-version":[{"id":740,"href":"https:\/\/www.coachsportif-k.fr\/index.php\/wp-json\/wp\/v2\/pages\/314\/revisions\/740"}],"wp:attachment":[{"href":"https:\/\/www.coachsportif-k.fr\/index.php\/wp-json\/wp\/v2\/media?parent=314"}],"curies":[{"name":"wp","href":"https:\/\/api.w.org\/{rel}","templated":true}]}}