{"id":175,"date":"2025-01-08T12:28:45","date_gmt":"2025-01-08T11:28:45","guid":{"rendered":"https:\/\/coachsportif-k.fr\/?page_id=175"},"modified":"2025-02-23T16:08:28","modified_gmt":"2025-02-23T15:08:28","slug":"le-coach","status":"publish","type":"page","link":"https:\/\/www.coachsportif-k.fr\/index.php\/le-coach\/","title":{"rendered":"LE COACH"},"content":{"rendered":"\n<div class=\"wp-block-group alignfull is-layout-flow wp-container-core-group-is-layout-dc35bc7e wp-block-group-is-layout-flow\" style=\"margin-top:0;margin-bottom:0\">\n<div class=\"wp-block-cover alignfull\" style=\"padding-top:60px;padding-right:var(--wp--preset--spacing--50);padding-bottom:60px;padding-left:var(--wp--preset--spacing--50)\"><span aria-hidden=\"true\" class=\"wp-block-cover__background has-dark-background-color has-background-dim\"><\/span><img loading=\"lazy\" decoding=\"async\" width=\"960\" height=\"1792\" class=\"wp-block-cover__image-background wp-image-709\" alt=\"\" src=\"https:\/\/coachsportif-k.fr\/wp-content\/uploads\/2025\/02\/IMG_4583.jpg\" style=\"object-position:86% 45%\" data-object-fit=\"cover\" data-object-position=\"86% 45%\" srcset=\"https:\/\/www.coachsportif-k.fr\/wp-content\/uploads\/2025\/02\/IMG_4583.jpg 960w, https:\/\/www.coachsportif-k.fr\/wp-content\/uploads\/2025\/02\/IMG_4583-161x300.jpg 161w, https:\/\/www.coachsportif-k.fr\/wp-content\/uploads\/2025\/02\/IMG_4583-549x1024.jpg 549w, https:\/\/www.coachsportif-k.fr\/wp-content\/uploads\/2025\/02\/IMG_4583-768x1434.jpg 768w, https:\/\/www.coachsportif-k.fr\/wp-content\/uploads\/2025\/02\/IMG_4583-823x1536.jpg 823w\" sizes=\"auto, (max-width: 960px) 100vw, 960px\" \/><div class=\"wp-block-cover__inner-container is-layout-constrained wp-container-core-cover-is-layout-d8f69cee wp-block-cover-is-layout-constrained\">\n<div class=\"wp-block-group is-content-justification-left is-layout-constrained wp-container-core-group-is-layout-9e821045 wp-block-group-is-layout-constrained\">\n<h1 class=\"wp-block-heading has-x-large-font-size\">A propos du Coach<\/h1>\n\n\n\n<p class=\"has-light-color has-text-color has-link-color has-lead-font-size wp-elements-9459d5dcdb25a0f7a7455fd1a04b51bf\"><strong>Coach K<\/strong> , L\u2019Excellence du Coaching Sportif pour une Performance Maximale , votre partenaire Bien-\u00catre pour des R\u00e9sultats Rapides et Durables.<\/p>\n<\/div>\n<\/div><\/div>\n\n\n\n<div class=\"wp-block-group has-background-light-background-color has-background is-layout-constrained wp-container-core-group-is-layout-26501fc0 wp-block-group-is-layout-constrained\" style=\"margin-top:0;margin-bottom:0;padding-top:120px;padding-right:var(--wp--preset--spacing--20);padding-bottom:120px;padding-left:var(--wp--preset--spacing--20)\">\n<div class=\"wp-block-columns is-layout-flex wp-container-core-columns-is-layout-091d26f2 wp-block-columns-is-layout-flex\">\n<div class=\"wp-block-column is-layout-flow wp-block-column-is-layout-flow\" style=\"flex-basis:46%\">\n<div class=\"wp-block-group is-vertical is-layout-flex wp-container-core-group-is-layout-0bc941e6 wp-block-group-is-layout-flex\" style=\"min-height:100%\">\n<div class=\"wp-block-group is-layout-constrained wp-block-group-is-layout-constrained\">\n<h2 class=\"wp-block-heading\"><strong>Coach K<\/strong>, expert en coaching sur-mesure<\/h2>\n\n\n\n<p style=\"font-size:0.9rem\"><strong>Fort de plusieurs ann\u00e9es d\u2019exp\u00e9rience<\/strong>, il accompagne ses clients avec une approche personnalis\u00e9e, ax\u00e9e sur des <strong>r\u00e9sultats rapides<\/strong>, <strong>durables et adapt\u00e9s \u00e0 chaque individu.<\/strong><\/p>\n\n\n\n<p class=\"has-base-font-size\">Que vous souhaitiez am\u00e9liorer votre condition physique, retrouver de l\u2019\u00e9nergie ou atteindre un objectif sp\u00e9cifique, <strong>Coach K<\/strong> met en place un programme sur mesure, en respectant vos capacit\u00e9s et votre rythme. Avec bienveillance et \u00e9coute, il vous guide dans chaque \u00e9tape de votre parcours pour vous aider \u00e0 atteindre vos objectifs de mani\u00e8re efficace et \u00e9quilibr\u00e9e.<\/p>\n\n\n\n<p style=\"font-size:1.25rem\"><\/p>\n<\/div>\n<\/div>\n<\/div>\n\n\n\n<div class=\"wp-block-column is-layout-flow wp-block-column-is-layout-flow\" style=\"flex-basis:54%\">\n<figure class=\"wp-block-image size-full has-custom-border\"><img loading=\"lazy\" decoding=\"async\" width=\"1088\" height=\"1525\" src=\"https:\/\/coachsportif-k.fr\/wp-content\/uploads\/2025\/02\/IMG_7602-2.jpg\" alt=\"\" class=\"wp-image-633\" style=\"border-radius:10px\" srcset=\"https:\/\/www.coachsportif-k.fr\/wp-content\/uploads\/2025\/02\/IMG_7602-2.jpg 1088w, https:\/\/www.coachsportif-k.fr\/wp-content\/uploads\/2025\/02\/IMG_7602-2-214x300.jpg 214w, https:\/\/www.coachsportif-k.fr\/wp-content\/uploads\/2025\/02\/IMG_7602-2-731x1024.jpg 731w, https:\/\/www.coachsportif-k.fr\/wp-content\/uploads\/2025\/02\/IMG_7602-2-768x1076.jpg 768w\" sizes=\"auto, (max-width: 1088px) 100vw, 1088px\" \/><\/figure>\n<\/div>\n<\/div>\n<\/div>\n\n\n\n<div class=\"wp-block-group alignfull is-layout-constrained wp-container-core-group-is-layout-a951c095 wp-block-group-is-layout-constrained\" style=\"padding-top:120px;padding-right:var(--wp--preset--spacing--50);padding-bottom:60px;padding-left:var(--wp--preset--spacing--50)\">\n<div class=\"wp-block-group ona-bento-grid is-layout-grid wp-container-core-group-is-layout-3a20f6d0 wp-block-group-is-layout-grid\">\n<div class=\"wp-block-group wp-container-content-f0cb0e97 is-vertical is-content-justification-stretch is-layout-flex wp-container-core-group-is-layout-3dd9082b wp-block-group-is-layout-flex\" style=\"margin-bottom:var(--wp--preset--spacing--50)\">\n<div class=\"wp-block-group has-background wp-container-content-9cfa9a5a is-vertical is-content-justification-stretch is-layout-flex wp-container-core-group-is-layout-dae0b291 wp-block-group-is-layout-flex\" style=\"border-radius:10px;background-color:#c7ac7d12;padding-top:3rem;padding-right:3rem;padding-bottom:3rem;padding-left:3rem\">\n<h2 class=\"wp-block-heading has-large-font-size\">10+<\/h2>\n\n\n\n<h3 class=\"wp-block-heading\" style=\"font-size:1.38rem\">EXPERIENCES<\/h3>\n<\/div>\n\n\n\n<div class=\"wp-block-group has-background wp-container-content-9cfa9a5a is-vertical is-content-justification-stretch is-layout-flex wp-container-core-group-is-layout-dae0b291 wp-block-group-is-layout-flex\" style=\"border-radius:10px;background-color:#c7ac7d70;padding-top:3rem;padding-right:3rem;padding-bottom:3rem;padding-left:3rem\">\n<h2 class=\"wp-block-heading has-large-font-size\">3<\/h2>\n\n\n\n<h3 class=\"wp-block-heading\" style=\"font-size:1.38rem\">Certifications<\/h3>\n<\/div>\n<\/div>\n\n\n\n<div class=\"wp-block-group wp-container-content-f0cb0e97 is-vertical is-content-justification-stretch is-layout-flex wp-container-core-group-is-layout-3dd9082b wp-block-group-is-layout-flex\" style=\"margin-bottom:var(--wp--preset--spacing--50)\">\n<div class=\"wp-block-group has-background wp-container-content-9cfa9a5a is-vertical is-layout-flex wp-container-core-group-is-layout-60c1925f wp-block-group-is-layout-flex\" style=\"border-radius:10px;background-color:#faf3f0;padding-top:3rem;padding-right:3rem;padding-bottom:3rem;padding-left:3rem\">\n<h2 class=\"wp-block-heading has-background has-large-font-size\" style=\"background-color:#c7ac7d00\">500+<\/h2>\n\n\n\n<h3 class=\"wp-block-heading\" style=\"font-size:1.38rem\">CLIENTS<\/h3>\n<\/div>\n\n\n\n<div class=\"wp-block-group has-background-background-color has-background wp-container-content-9cfa9a5a is-vertical is-layout-flex wp-container-core-group-is-layout-60c1925f wp-block-group-is-layout-flex\" style=\"border-radius:10px;padding-top:3rem;padding-right:3rem;padding-bottom:3rem;padding-left:3rem\">\n<h2 class=\"wp-block-heading has-background-background-color has-background has-large-font-size\">100%<\/h2>\n\n\n\n<h3 class=\"wp-block-heading\" style=\"font-size:1.38rem\">Clients Satisfaits<\/h3>\n<\/div>\n<\/div>\n\n\n\n<div class=\"wp-block-cover has-custom-content-position is-position-bottom-center hover-scale is-style-ona-hover-scale wp-container-content-bfa548f7\" style=\"border-radius:10px;margin-bottom:var(--wp--preset--spacing--50);padding-top:3rem;padding-right:3rem;padding-bottom:3rem;padding-left:3rem;min-height:612px;aspect-ratio:unset;\"><span aria-hidden=\"true\" class=\"wp-block-cover__background has-dark-background-color has-background-dim-30 has-background-dim\"><\/span><img loading=\"lazy\" decoding=\"async\" width=\"1290\" height=\"1563\" class=\"wp-block-cover__image-background wp-image-194\" alt=\"\" src=\"https:\/\/coachsportif-k.fr\/wp-content\/uploads\/2025\/01\/IMG_7594-1.jpg\" data-object-fit=\"cover\" srcset=\"https:\/\/www.coachsportif-k.fr\/wp-content\/uploads\/2025\/01\/IMG_7594-1.jpg 1290w, https:\/\/www.coachsportif-k.fr\/wp-content\/uploads\/2025\/01\/IMG_7594-1-248x300.jpg 248w, https:\/\/www.coachsportif-k.fr\/wp-content\/uploads\/2025\/01\/IMG_7594-1-845x1024.jpg 845w, https:\/\/www.coachsportif-k.fr\/wp-content\/uploads\/2025\/01\/IMG_7594-1-768x931.jpg 768w, https:\/\/www.coachsportif-k.fr\/wp-content\/uploads\/2025\/01\/IMG_7594-1-1268x1536.jpg 1268w, https:\/\/www.coachsportif-k.fr\/wp-content\/uploads\/2025\/01\/IMG_7594-1-1170x1418.jpg 1170w\" sizes=\"auto, (max-width: 1290px) 100vw, 1290px\" \/><div class=\"wp-block-cover__inner-container is-layout-flow wp-block-cover-is-layout-flow\">\n<div class=\"wp-block-group wp-container-content-72558541 is-layout-constrained wp-block-group-is-layout-constrained\">\n<h2 class=\"wp-block-heading has-text-align-center has-medium-large-font-size\">D\u00e9couvrez nos R\u00e9alisations  <\/h2>\n\n\n\n<div class=\"wp-block-buttons is-content-justification-center is-layout-flex wp-container-core-buttons-is-layout-a89b3969 wp-block-buttons-is-layout-flex\">\n<div class=\"wp-block-button is-style-outline is-style-outline--1\"><a class=\"wp-block-button__link has-text-align-center wp-element-button\" href=\"https:\/\/coachsportif-k.fr\/index.php\/feel-good-nutrition\/\" style=\"border-width:2px\">Les Avants\/Apr\u00e8s<\/a><\/div>\n<\/div>\n<\/div>\n<\/div><\/div>\n<\/div>\n\n\n\n<style>@media (max-width: 992px) {\n\t\tdiv.ona-bento-grid {\n\t\t\tdisplay: block;\n\t\t}\n\t\t}<\/style>\n<\/div>\n\n\n\n<div class=\"wp-block-group has-background-light-background-color has-background is-layout-constrained wp-container-core-group-is-layout-5f01c1e7 wp-block-group-is-layout-constrained\" style=\"margin-top:0;padding-top:120px;padding-right:var(--wp--preset--spacing--50);padding-bottom:120px;padding-left:var(--wp--preset--spacing--50)\">\n<div class=\"wp-block-columns is-layout-flex wp-container-core-columns-is-layout-cf05694f wp-block-columns-is-layout-flex\">\n<div class=\"wp-block-column is-layout-flow wp-block-column-is-layout-flow\" style=\"flex-basis:45%\">\n<div class=\"wp-block-group is-layout-constrained wp-block-group-is-layout-constrained wp-container-2 is-position-sticky\" style=\"margin-bottom:var(--wp--preset--spacing--60)\">\n<h2 class=\"wp-block-heading has-medium-large-font-size\">Pourquoi avoir un Coach Sportif ? <\/h2>\n\n\n\n<p class=\"has-lead-font-size\">Avoir un coach sportif est un v\u00e9ritable atout pour atteindre vos objectifs de mani\u00e8re efficace et s\u00e9curitaire. Voici pourquoi un accompagnement personnalis\u00e9 peut faire toute la diff\u00e9rence :<\/p>\n\n\n\n<div class=\"wp-block-group is-layout-grid wp-container-core-group-is-layout-a61e1d3b wp-block-group-is-layout-grid\" style=\"margin-top:0;margin-bottom:0;padding-right:0;padding-left:0\">\n<div class=\"wp-block-group wp-container-content-4471a044 is-vertical is-content-justification-center is-layout-flex wp-container-core-group-is-layout-30778a02 wp-block-group-is-layout-flex\">\n<p class=\"has-text-align-center wp-container-content-9cfa9a5a\">\u00b0Atteindre vos objectifs plus rapidement avec des entra\u00eenements adapt\u00e9s \u00e0 vos besoins<\/p>\n\n\n\n<p>\u00b0Une motivation constante<\/p>\n\n\n\n<p>\u00b0Acqu\u00e9rir des comp\u00e9tences et de l\u2019autonomie<\/p>\n\n\n\n<p>\u00b0Un suivi personnalis\u00e9 avec une optimisation du temps<\/p>\n<\/div>\n<\/div>\n\n\n\n<div class=\"wp-block-buttons is-content-justification-center is-layout-flex wp-container-core-buttons-is-layout-ba9ea59f wp-block-buttons-is-layout-flex\" style=\"margin-top:var(--wp--preset--spacing--60)\">\n<div class=\"wp-block-button is-style-ona-button-arrow-icon\"><a class=\"wp-block-button__link has-light-color has-text-color has-link-color wp-element-button\" href=\"https:\/\/coachsportif-k.fr\/index.php\/nos-offres\/\" style=\"border-width:2px\">Travaillons Ensemble<\/a><\/div>\n<\/div>\n<\/div>\n<\/div>\n\n\n\n<div class=\"wp-block-column is-layout-flow wp-block-column-is-layout-flow\" style=\"flex-basis:55%\">\n<div class=\"wp-block-group is-layout-grid wp-container-core-group-is-layout-478b6e6b wp-block-group-is-layout-grid\">\n<figure class=\"wp-block-image size-full has-custom-border\"><img loading=\"lazy\" decoding=\"async\" width=\"1290\" height=\"1332\" src=\"http:\/\/coachsportif-k.fr\/wp-content\/uploads\/2025\/01\/IMG_7584-1.jpeg\" alt=\"\" class=\"wp-image-192\" style=\"border-radius:10px;aspect-ratio:2\/3;object-fit:cover\" srcset=\"https:\/\/www.coachsportif-k.fr\/wp-content\/uploads\/2025\/01\/IMG_7584-1.jpeg 1290w, https:\/\/www.coachsportif-k.fr\/wp-content\/uploads\/2025\/01\/IMG_7584-1-291x300.jpeg 291w, https:\/\/www.coachsportif-k.fr\/wp-content\/uploads\/2025\/01\/IMG_7584-1-992x1024.jpeg 992w, https:\/\/www.coachsportif-k.fr\/wp-content\/uploads\/2025\/01\/IMG_7584-1-768x793.jpeg 768w, https:\/\/www.coachsportif-k.fr\/wp-content\/uploads\/2025\/01\/IMG_7584-1-1170x1208.jpeg 1170w\" sizes=\"auto, (max-width: 1290px) 100vw, 1290px\" \/><\/figure>\n\n\n\n<figure class=\"wp-block-image size-full has-custom-border wp-container-content-69bc4bdf\"><img loading=\"lazy\" decoding=\"async\" width=\"1290\" height=\"1656\" src=\"https:\/\/coachsportif-k.fr\/wp-content\/uploads\/2025\/01\/IMG_7575-1.jpeg\" alt=\"\" class=\"wp-image-201\" style=\"border-radius:10px;aspect-ratio:2\/3;object-fit:cover\" srcset=\"https:\/\/www.coachsportif-k.fr\/wp-content\/uploads\/2025\/01\/IMG_7575-1.jpeg 1290w, https:\/\/www.coachsportif-k.fr\/wp-content\/uploads\/2025\/01\/IMG_7575-1-234x300.jpeg 234w, https:\/\/www.coachsportif-k.fr\/wp-content\/uploads\/2025\/01\/IMG_7575-1-798x1024.jpeg 798w, https:\/\/www.coachsportif-k.fr\/wp-content\/uploads\/2025\/01\/IMG_7575-1-768x986.jpeg 768w, https:\/\/www.coachsportif-k.fr\/wp-content\/uploads\/2025\/01\/IMG_7575-1-1197x1536.jpeg 1197w, https:\/\/www.coachsportif-k.fr\/wp-content\/uploads\/2025\/01\/IMG_7575-1-1170x1502.jpeg 1170w\" sizes=\"auto, (max-width: 1290px) 100vw, 1290px\" \/><\/figure>\n\n\n\n<figure class=\"wp-block-image size-large has-custom-border wp-container-content-e29552f7\"><img loading=\"lazy\" decoding=\"async\" width=\"1024\" height=\"970\" src=\"https:\/\/coachsportif-k.fr\/wp-content\/uploads\/2025\/02\/IMG_7580-1-1024x970.jpg\" alt=\"\" class=\"wp-image-632\" style=\"border-radius:10px\" srcset=\"https:\/\/www.coachsportif-k.fr\/wp-content\/uploads\/2025\/02\/IMG_7580-1-1024x970.jpg 1024w, https:\/\/www.coachsportif-k.fr\/wp-content\/uploads\/2025\/02\/IMG_7580-1-300x284.jpg 300w, https:\/\/www.coachsportif-k.fr\/wp-content\/uploads\/2025\/02\/IMG_7580-1-768x728.jpg 768w, https:\/\/www.coachsportif-k.fr\/wp-content\/uploads\/2025\/02\/IMG_7580-1-1170x1108.jpg 1170w, https:\/\/www.coachsportif-k.fr\/wp-content\/uploads\/2025\/02\/IMG_7580-1.jpg 1290w\" sizes=\"auto, (max-width: 1024px) 100vw, 1024px\" \/><\/figure>\n<\/div>\n<\/div>\n<\/div>\n<\/div>\n<\/div>\n\n\n\n<p><\/p>\n\n\n\n<figure class=\"wp-block-pullquote alignfull\" style=\"font-size:13px\"><blockquote><p><strong>&#8220;Cela semble toujours impossible, jusqu&#8217;\u00e0 ce que ce soit fait.&#8221;<\/strong><\/p><cite><em>\u2013NELSON MANDELA<\/em><\/cite><\/blockquote><\/figure>\n\n\n\n<p><\/p>\n","protected":false},"excerpt":{"rendered":"<p>Coach K, expert en coaching sur-mesure Fort de plusieurs ann\u00e9es d\u2019exp\u00e9rience, il accompagne ses clients avec une approche personnalis\u00e9e, ax\u00e9e sur des r\u00e9sultats rapides, durables et adapt\u00e9s \u00e0 chaque individu. Que vous souhaitiez am\u00e9liorer votre condition physique, retrouver de l\u2019\u00e9nergie ou atteindre un objectif sp\u00e9cifique, Coach K met en place un programme sur mesure, en [&hellip;]<\/p>\n","protected":false},"author":1,"featured_media":0,"parent":0,"menu_order":0,"comment_status":"closed","ping_status":"closed","template":"","meta":{"om_disable_all_campaigns":false,"_monsterinsights_skip_tracking":false,"_monsterinsights_sitenote_active":false,"_monsterinsights_sitenote_note":"","_monsterinsights_sitenote_category":0,"footnotes":""},"class_list":["post-175","page","type-page","status-publish","hentry"],"aioseo_notices":[],"_links":{"self":[{"href":"https:\/\/www.coachsportif-k.fr\/index.php\/wp-json\/wp\/v2\/pages\/175","targetHints":{"allow":["GET"]}}],"collection":[{"href":"https:\/\/www.coachsportif-k.fr\/index.php\/wp-json\/wp\/v2\/pages"}],"about":[{"href":"https:\/\/www.coachsportif-k.fr\/index.php\/wp-json\/wp\/v2\/types\/page"}],"author":[{"embeddable":true,"href":"https:\/\/www.coachsportif-k.fr\/index.php\/wp-json\/wp\/v2\/users\/1"}],"replies":[{"embeddable":true,"href":"https:\/\/www.coachsportif-k.fr\/index.php\/wp-json\/wp\/v2\/comments?post=175"}],"version-history":[{"count":47,"href":"https:\/\/www.coachsportif-k.fr\/index.php\/wp-json\/wp\/v2\/pages\/175\/revisions"}],"predecessor-version":[{"id":739,"href":"https:\/\/www.coachsportif-k.fr\/index.php\/wp-json\/wp\/v2\/pages\/175\/revisions\/739"}],"wp:attachment":[{"href":"https:\/\/www.coachsportif-k.fr\/index.php\/wp-json\/wp\/v2\/media?parent=175"}],"curies":[{"name":"wp","href":"https:\/\/api.w.org\/{rel}","templated":true}]}}